{"id":952,"date":"2021-12-01T16:12:17","date_gmt":"2021-12-01T15:12:17","guid":{"rendered":"https:\/\/staging.abag-gmbh.de\/kontakt\/"},"modified":"2024-02-19T14:57:52","modified_gmt":"2024-02-19T13:57:52","slug":"contact","status":"publish","type":"page","link":"https:\/\/abag-gmbh.eu\/en\/contact\/","title":{"rendered":"Contact and Imprint"},"content":{"rendered":"<div id='header-silder'  class='avia-fullwidth-slider main_color avia-shadow   avia-builder-el-0  el_before_av_section  avia-builder-el-first   container_wrap sidebar_right'  ><div  class='avia-slideshow av-kwi8sf3u-b390b8663d8f9cb9ae9c2b7d2fc70545 avia-slideshow-featured av_slideshow_full avia-slide-slider av-slideshow-ui av-control-default av-slideshow-manual av-loop-once av-loop-manual-endless av-default-height-applied   avia-slideshow-1' data-slideshow-options=\"{&quot;animation&quot;:&quot;slide&quot;,&quot;autoplay&quot;:false,&quot;loop_autoplay&quot;:&quot;once&quot;,&quot;interval&quot;:5,&quot;loop_manual&quot;:&quot;manual-endless&quot;,&quot;autoplay_stopper&quot;:false,&quot;noNavigation&quot;:false,&quot;bg_slider&quot;:false,&quot;keep_padding&quot;:false,&quot;hoverpause&quot;:false,&quot;show_slide_delay&quot;:0}\"  itemprop=\"image\" itemscope=\"itemscope\" itemtype=\"https:\/\/schema.org\/ImageObject\" ><ul class='avia-slideshow-inner ' style='padding-bottom: 28.666666666667%;'><li  class='avia-slideshow-slide av-kwi8sf3u-b390b8663d8f9cb9ae9c2b7d2fc70545__0  av-single-slide slide-1 slide-odd'><div data-rel='slideshow-1' class='avia-slide-wrap '   ><div class='av-slideshow-caption av-kwi8sf3u-b390b8663d8f9cb9ae9c2b7d2fc70545__0 caption_fullwidth caption_left'><div class=\"container caption_container\"><div class=\"slideshow_caption\"><div class=\"slideshow_inner_caption\"><div class=\"slideshow_align_caption\"><div class='avia-caption-title slider-heading'  itemprop=\"name\" >abag-Anlagen sparen Zeit und Geld<\/div><\/div><\/div><\/div><\/div><\/div><img decoding=\"async\" fetchpriority=\"high\" class=\"wp-image-859 avia-img-lazy-loading-not-859\"  src=\"https:\/\/abag-gmbh.eu\/wp-content\/uploads\/2021\/12\/DSC02792-cd07a26e-1500x430.png\" width=\"1500\" height=\"430\" title='DSC02792-cd07a26e' alt='DSC cdae'  itemprop=\"thumbnailUrl\"   \/><\/div><\/li><\/ul><\/div><\/div>\n\n<style type=\"text\/css\" data-created_by=\"avia_inline_auto\" id=\"style-css-av-kwi85fw5-d283aa9c1e4eba818d74bb162aff3b08\">\n.avia-section.av-kwi85fw5-d283aa9c1e4eba818d74bb162aff3b08{\nbackground-color:#f7f7f7;\nbackground-image:unset;\n}\n<\/style>\n<div id='av_section_1'  class='avia-section av-kwi85fw5-d283aa9c1e4eba818d74bb162aff3b08 main_color avia-section-default avia-no-border-styling  avia-builder-el-1  el_after_av_slideshow_full  el_before_av_one_fourth  avia-bg-style-scroll container_wrap sidebar_right'  ><div class='container av-section-cont-open' ><div class='template-page content  av-content-small alpha units'><div class='post-entry post-entry-type-page post-entry-952'><div class='entry-content-wrapper clearfix'>\n<div  class='flex_column av-2joie-9754e5a28d62e957761747292d9dc86c av_two_fifth  avia-builder-el-2  el_before_av_three_fifth  avia-builder-el-first  first flex_column_div  '     ><p>\n<style type=\"text\/css\" data-created_by=\"avia_inline_auto\" id=\"style-css-av-3k2d4-272c816cbf0fffd1e4e75327efadf55d\">\n#top .av-special-heading.av-3k2d4-272c816cbf0fffd1e4e75327efadf55d{\npadding-bottom:10px;\n}\nbody .av-special-heading.av-3k2d4-272c816cbf0fffd1e4e75327efadf55d .av-special-heading-tag .heading-char{\nfont-size:25px;\n}\n.av-special-heading.av-3k2d4-272c816cbf0fffd1e4e75327efadf55d .av-subheading{\nfont-size:15px;\n}\n<\/style>\n<div  class='av-special-heading av-3k2d4-272c816cbf0fffd1e4e75327efadf55d av-special-heading-h1 blockquote modern-quote  avia-builder-el-3  el_before_av_textblock  avia-builder-el-first '><div class='av-subheading av-subheading_above'><p>abag Anlagentechnik GmbH<\/p>\n<\/div><h1 class='av-special-heading-tag'  itemprop=\"headline\"  >Get in Touch<\/h1><div class=\"special-heading-border\"><div class=\"special-heading-inner-border\"><\/div><\/div><\/div><br \/>\n<section  class='av_textblock_section av-uzwg-77207930a17039852410fad3a6697887 '   itemscope=\"itemscope\" itemtype=\"https:\/\/schema.org\/CreativeWork\" ><div class='avia_textblock'  itemprop=\"text\" ><p><strong>address:<\/strong><br \/>\nWei\u00dfbucher Str. 62<br \/>\n73614 Schorndorf<br \/>\nGermany<\/p>\n<p>phone:<br \/>\n<a href=\"tel:+4971814921510\">+49 7181 49215-10<\/a><\/p>\n<p>E-Mail:<br \/>\n<a href=\"mailto:info@abag-gmbh.de\">info@abag-gmbh.de<\/a><\/p>\n<\/div><\/section><br \/>\n<div  class='avia-buttonrow-wrap av-2ci7s-57f3ddb6a5f36b8f70f7acd437b1ef67 avia-buttonrow-left  avia-builder-el-5  el_after_av_textblock  avia-builder-el-last '>\n\n<style type=\"text\/css\" data-created_by=\"avia_inline_auto\" id=\"style-css-av-2adpc-e464e805bdd958b409c0f18ede787fce\">\n#top #wrap_all .avia-button.av-2adpc-e464e805bdd958b409c0f18ede787fce{\nborder-radius:0px 0px 0px 0px;\ntransition:all 0.4s ease-in-out;\nmargin-bottom:10px;\nmargin-right:10px;\n}\n#top #wrap_all .avia-button.av-2adpc-e464e805bdd958b409c0f18ede787fce:hover .avia_button_background{\nborder-radius:0px 0px 0px 0px;\n}\n<\/style>\n<a href='#kontakt'  class='avia-button av-2adpc-e464e805bdd958b409c0f18ede787fce avia-icon_select-yes-left-icon avia-size-small avia-color-theme-color'  ><span class='avia_button_icon avia_button_icon_left ' aria-hidden='true' data-av_icon='\ue855' data-av_iconfont='entypo-fontello'><\/span><span class='avia_iconbox_title' >Projektanfrage<\/span><\/a>\n\n<style type=\"text\/css\" data-created_by=\"avia_inline_auto\" id=\"style-css-av-283ja-b0f10cf7bc9e21928d901ef361d81f52\">\n#top #wrap_all .avia-button.av-283ja-b0f10cf7bc9e21928d901ef361d81f52{\nborder-radius:0px 0px 0px 0px;\ntransition:all 0.4s ease-in-out;\nmargin-bottom:10px;\nmargin-right:10px;\n}\n#top #wrap_all .avia-button.av-283ja-b0f10cf7bc9e21928d901ef361d81f52:hover .avia_button_background{\nborder-radius:0px 0px 0px 0px;\n}\n<\/style>\n<a href='https:\/\/abag-gmbh.eu\/projektferenzen-anwendungsbeispiele-abag\/' class='avia-button av-283ja-b0f10cf7bc9e21928d901ef361d81f52 avia-icon_select-no avia-size-small avia-color-theme-color' target=\"_blank\" rel=\"noopener noreferrer\"><span class='avia_iconbox_title' >Referenzen<\/span><\/a>\n<\/div><\/p><\/div><div  class='flex_column av-2hfnk-1f1e0461839cd96a1d140ce97f038647 av_three_fifth  avia-builder-el-6  el_after_av_two_fifth  el_before_av_hr  flex_column_div  '     ><p>\n<style type=\"text\/css\" data-created_by=\"avia_inline_auto\" id=\"style-css-av-l2yxgv0e-2ca858dd35318b515dcacb4eaefa1a87\">\n#top .av-special-heading.av-l2yxgv0e-2ca858dd35318b515dcacb4eaefa1a87{\npadding-bottom:10px;\n}\nbody .av-special-heading.av-l2yxgv0e-2ca858dd35318b515dcacb4eaefa1a87 .av-special-heading-tag .heading-char{\nfont-size:25px;\n}\n.av-special-heading.av-l2yxgv0e-2ca858dd35318b515dcacb4eaefa1a87 .av-subheading{\nfont-size:15px;\n}\n<\/style>\n<div  class='av-special-heading av-l2yxgv0e-2ca858dd35318b515dcacb4eaefa1a87 av-special-heading-h2 blockquote modern-quote  avia-builder-el-7  el_before_av_textblock  avia-builder-el-first '><div class='av-subheading av-subheading_above'><p>Our team is looking for reinforcement!<\/p>\n<\/div><h2 class='av-special-heading-tag'  itemprop=\"headline\"  >Jobs and career<\/h2><div class=\"special-heading-border\"><div class=\"special-heading-inner-border\"><\/div><\/div><\/div><br \/>\n<section  class='av_textblock_section av-2dzfc-47399290c839719b7565a98929df8ce7 '   itemscope=\"itemscope\" itemtype=\"https:\/\/schema.org\/CreativeWork\" ><div class='avia_textblock'  itemprop=\"text\" ><p>There is a family atmosphere at abag. Experience our excellent teamwork and convince yourself of the advantages of a medium-sized company.<\/p>\n<ul>\n<li>A high degree of personal responsibility<\/li>\n<li>Wide range of tasks<\/li>\n<li>Much variety<\/li>\n<li>Short decision-making paths<\/li>\n<li>Flat hierarchies<\/li>\n<li>Close to the customer &amp; product<\/li>\n<li>Bringing in your own ideas<\/li>\n<\/ul>\n<\/div><\/section><br \/>\n<section  class='av_textblock_section av-l2yxi43h-a6cda2f522d935ad77232f151094dc2b '   itemscope=\"itemscope\" itemtype=\"https:\/\/schema.org\/CreativeWork\" ><div class='avia_textblock'  itemprop=\"text\" ><h3>open positions:<\/h3>\n<p><a href=\"https:\/\/abag-gmbh.eu\/wp-content\/uploads\/2022\/05\/Stellenausschreibung_Monteur.pdf\">Service-Fitter (m\/w\/d)<\/a><br \/>\n<a href=\"https:\/\/abag-gmbh.eu\/wp-content\/uploads\/2022\/05\/Stellenausschreibung_SPS.pdf\">SPS-Programmer (m\/w\/d)<\/a><br \/>\n<a href=\"https:\/\/abag-gmbh.eu\/wp-content\/uploads\/2022\/05\/Stellenausschreibung_CAD_Konstrukteur.pdf\">CAD Designer (m\/w\/d)<\/a><\/p>\n<p>Can&#8217;t find a job you&#8217;re looking for? Then send us your comprehensive, proactive application in PDF format by e-mail to: info@abag-gmbh.de<\/p>\n<\/div><\/section><\/p><\/div>\n<style type=\"text\/css\" data-created_by=\"avia_inline_auto\" id=\"style-css-av-kwkw9tps-277104e64652235f1b0571c647c6d433\">\n#top .hr.hr-invisible.av-kwkw9tps-277104e64652235f1b0571c647c6d433{\nheight:200px;\n}\n<\/style>\n<div  class='hr av-kwkw9tps-277104e64652235f1b0571c647c6d433 hr-invisible  avia-builder-el-10  el_after_av_three_fifth  avia-builder-el-last '><span class='hr-inner '><span class=\"hr-inner-style\"><\/span><\/span><\/div>\n<\/div><\/div><\/div><!-- close content main div --><\/div><\/div><div id='after_section_1'  class='main_color av_default_container_wrap container_wrap sidebar_right'  ><div class='container av-section-cont-open' ><div class='template-page content  av-content-small alpha units'><div class='post-entry post-entry-type-page post-entry-952'><div class='entry-content-wrapper clearfix'><div class='flex_column_table av-kwi8axyy-1ecfa1c11b9a215b1ba7975ce4d18d7f sc-av_one_fourth av-equal-height-column-flextable'>\n<style type=\"text\/css\" data-created_by=\"avia_inline_auto\" id=\"style-css-av-kwi8axyy-1ecfa1c11b9a215b1ba7975ce4d18d7f\">\n#top .flex_column_table.av-equal-height-column-flextable.av-kwi8axyy-1ecfa1c11b9a215b1ba7975ce4d18d7f{\nmargin-top:-200px;\nmargin-bottom:0px;\n}\n.flex_column.av-kwi8axyy-1ecfa1c11b9a215b1ba7975ce4d18d7f{\npadding:30px 30px 30px 30px;\nbackground-color:#ec6e00;\n}\n<\/style>\n<div  class='flex_column av-kwi8axyy-1ecfa1c11b9a215b1ba7975ce4d18d7f av_one_fourth  avia-builder-el-11  el_after_av_section  el_before_av_three_fourth  avia-builder-el-first  first no_margin flex_column_table_cell av-equal-height-column av-align-middle  '     ><p>\n<style type=\"text\/css\" data-created_by=\"avia_inline_auto\" id=\"style-css-av-kwjjsi24-03601fac5102ff4b5faa1fb858c60c12\">\n#top .av_textblock_section.av-kwjjsi24-03601fac5102ff4b5faa1fb858c60c12 .avia_textblock{\nfont-size:20px;\ncolor:#ffffff;\n}\n<\/style>\n<section  class='av_textblock_section av-kwjjsi24-03601fac5102ff4b5faa1fb858c60c12 '   itemscope=\"itemscope\" itemtype=\"https:\/\/schema.org\/CreativeWork\" ><div class='avia_textblock av_inherit_color'  itemprop=\"text\" ><p><strong>\uf0d8 Learn how your company can leap into the future with automation from abag<\/strong><\/p>\n<\/div><\/section><br \/>\n<div  class='avia-button-wrap av-kwkwd56o-6584acc4f6c5b857776061359ca0627b-wrap avia-button-left  avia-builder-el-13  el_after_av_textblock  avia-builder-el-last '>\n<style type=\"text\/css\" data-created_by=\"avia_inline_auto\" id=\"style-css-av-kwkwd56o-6584acc4f6c5b857776061359ca0627b\">\n#top #wrap_all .avia-button.av-kwkwd56o-6584acc4f6c5b857776061359ca0627b{\ncolor:#ec6e00;\nborder-radius:0px 0px 0px 0px;\ntransition:all 0.4s ease-in-out;\n}\n#top #wrap_all .avia-button.av-kwkwd56o-6584acc4f6c5b857776061359ca0627b:hover{\nbackground-color:white;\ncolor:#ec6e00;\ntransition:all 0.4s ease-in-out;\n}\n#top #wrap_all.avia-button.av-kwkwd56o-6584acc4f6c5b857776061359ca0627b:hover .avia_button_background{\nborder-radius:0px 0px 0px 0px;\n}\n<\/style>\n<a href='#kontakt'  class='avia-button av-kwkwd56o-6584acc4f6c5b857776061359ca0627b avia-icon_select-no avia-size-large avia-position-left avia-color-white'  ><span class='avia_iconbox_title' >learn more<\/span><\/a><\/div><\/p><\/div><\/p>\n\n<style type=\"text\/css\" data-created_by=\"avia_inline_auto\" id=\"style-css-av-25050-faa06bc00d74d449672b94a3a770d0e3\">\n#top .flex_column_table.av-equal-height-column-flextable.av-25050-faa06bc00d74d449672b94a3a770d0e3{\nmargin-top:-200px;\nmargin-bottom:0px;\n}\n<\/style>\n<div  class='flex_column av-25050-faa06bc00d74d449672b94a3a770d0e3 av_three_fourth  avia-builder-el-14  el_after_av_one_fourth  el_before_av_one_fourth  no_margin flex_column_table_cell av-equal-height-column av-align-middle  '     ><div  class='av_gmaps_sc_main_wrap av_gmaps_main_wrap '><div id='av_gmap_0' class='avia-google-map-container avia-google-map-sc av_gmaps_show_unconditionally av-no-fallback-img ' data-mapid='av_gmap_0'  style='height: 400px;'><a class=\"av_gmaps_browser_disabled av_text_confirm_link av_text_confirm_link_visible\" href=\"https:\/\/www.google.com\/maps\/search\/?api=1&#038;query=Wei\u00dfbucher%20Str.%2062%2073614%20Schorndorf%20%20Deutschlang\" target=\"_blank\" rel=\"noopener\">Maps were disabled by the visitor on this site. Click to open the map in a new window.<\/a><\/div><\/div><\/div><\/div><!--close column table wrapper. Autoclose: 1 -->\n\n<style type=\"text\/css\" data-created_by=\"avia_inline_auto\" id=\"style-css-av-p3czs-0256866545d832d97a0207e292b775c3\">\n.flex_column.av-p3czs-0256866545d832d97a0207e292b775c3{\npadding:50px 50px 50px 50px;\n}\n<\/style>\n<div  class='flex_column av-p3czs-0256866545d832d97a0207e292b775c3 av_one_fourth  avia-builder-el-16  el_after_av_three_fourth  el_before_av_two_third  first flex_column_div  column-top-margin'     ><\/div>\n\n<style type=\"text\/css\" data-created_by=\"avia_inline_auto\" id=\"style-css-av-2856w-5d0643583574a4a9e697cc4af0dd89c1\">\n.flex_column.av-2856w-5d0643583574a4a9e697cc4af0dd89c1{\npadding:50px 50px 50px 50px;\nbackground-color:#f7f7f7;\n}\n<\/style>\n<div  class='flex_column av-2856w-5d0643583574a4a9e697cc4af0dd89c1 av_two_third  avia-builder-el-17  el_after_av_one_fourth  avia-builder-el-last  flex_column_div  column-top-margin'     ><p>\n<style type=\"text\/css\" data-created_by=\"avia_inline_auto\" id=\"style-css-av-ds8cw-f6874b33635989125f5b15bbc66a18d6\">\n#top .av-special-heading.av-ds8cw-f6874b33635989125f5b15bbc66a18d6{\npadding-bottom:10px;\n}\nbody .av-special-heading.av-ds8cw-f6874b33635989125f5b15bbc66a18d6 .av-special-heading-tag .heading-char{\nfont-size:25px;\n}\n.av-special-heading.av-ds8cw-f6874b33635989125f5b15bbc66a18d6 .av-subheading{\nfont-size:15px;\n}\n<\/style>\n<div  class='av-special-heading av-ds8cw-f6874b33635989125f5b15bbc66a18d6 av-special-heading-h2 blockquote modern-quote  avia-builder-el-18  el_before_av_textblock  avia-builder-el-first '><div class='av-subheading av-subheading_above'><p>abag Anlagentechnik GmbH<\/p>\n<\/div><h2 class='av-special-heading-tag'  itemprop=\"headline\"  >Imprint<\/h2><div class=\"special-heading-border\"><div class=\"special-heading-inner-border\"><\/div><\/div><\/div><br \/>\n<section  class='av_textblock_section av-af38w-34997ad57dbc1e6a329755d59ce4cc91 '   itemscope=\"itemscope\" itemtype=\"https:\/\/schema.org\/CreativeWork\" ><div class='avia_textblock'  itemprop=\"text\" ><p>Angaben gem\u00e4\u00df \u00a75 &amp; \u00a76 TMG (Telemediengesetz)<\/p>\n<p>abag Anlagentechnik GmbH<br \/>\nWei\u00dfbucher Str. 62<br \/>\n73614 Schorndorf<\/p>\n<p>Vertreten durch:<\/p>\n<p>Gesch\u00e4ftsf\u00fchrer<br \/>\nGerd Mayer<br \/>\nStephen Mayer<\/p>\n<p>Kontakt:<\/p>\n<p>Telefon: +49 7181 49215-10<br \/>\nTelefax: +49 7181 49215-19<br \/>\nE-Mail: info@abag-gmbh.de<\/p>\n<p>Registereintrag:<\/p>\n<p>Eintragung im Handelsregister.<br \/>\nRegistergericht: Amtsgericht Stuttgart<br \/>\nRegisternummer: HRB 721419<\/p>\n<p>UST-ID-Nr. gem\u00e4\u00df \u00a727 a Umsatzsteuergesetz:<\/p>\n<p>DE250881928<\/p>\n<p>Haftung f\u00fcr Inhalte<\/p>\n<p>Als Diensteanbieter sind wir gem\u00e4\u00df \u00a7 7 Abs.1 TMG f\u00fcr eigene Inhalte auf diesen Seiten nach den allgemeinen Gesetzen verantwortlich. Nach \u00a7\u00a7 8 bis 10 TMG sind wir als Diensteanbieter jedoch nicht verpflichtet, \u00fcbermittelte oder gespeicherte fremde Informationen zu \u00fcberwachen oder nach Umst\u00e4nden zu forschen, die auf eine rechtswidrige T\u00e4tigkeit hinweisen. Verpflichtungen zur Entfernung oder Sperrung der Nutzung von Informationen nach den allgemeinen Gesetzen bleiben hiervon unber\u00fchrt. Eine diesbez\u00fcgliche Haftung ist jedoch erst ab dem Zeitpunkt der<br \/>\nKenntnis einer konkreten Rechtsverletzung m\u00f6glich. Bei Bekanntwerden von entsprechenden Rechtsverletzungen werden wir diese Inhalte umgehend entfernen.<\/p>\n<p>Haftung f\u00fcr Links<\/p>\n<p>Unser Angebot enth\u00e4lt Links zu externen Webseiten Dritter, auf deren Inhalte wir keinen Einfluss haben. Deshalb k\u00f6nnen wir f\u00fcr diese fremden Inhalte auch keine Gew\u00e4hr \u00fcbernehmen. F\u00fcr die Inhalte der verlinkten Seiten ist stets der jeweilige Anbieter oder Betreiber der Seiten verantwortlich. Die verlinkten Seiten wurden zum Zeitpunkt der Verlinkung auf m\u00f6gliche Rechtsverst\u00f6\u00dfe \u00fcberpr\u00fcft. Rechtswidrige Inhalte waren zum Zeitpunkt der Verlinkung nicht erkennbar. Eine permanente inhaltliche Kontrolle der verlinkten Seiten ist jedoch ohne konkrete Anhaltspunkte einer Rechtsverletzung nicht zumutbar. Bei Bekanntwerden von Rechtsverletzungen werden wir derartige Links umgehend entfernen.<\/p>\n<p>Urheberrecht<\/p>\n<p>Die durch die Seitenbetreiber erstellten Inhalte und Werke auf diesen Seiten unterliegen dem deutschen Urheberrecht. Die Vervielf\u00e4ltigung, Bearbeitung, Verbreitung und jede Art der Verwertung au\u00dferhalb der Grenzen des Urheberrechtes bed\u00fcrfen der schriftlichen Zustimmung des jeweiligen Autors bzw. Erstellers. Downloads und Kopien dieser Seite sind nur f\u00fcr den privaten, nicht kommerziellen Gebrauch gestattet. Soweit die Inhalte auf dieser Seite nicht vom Betreiber erstellt wurden, werden die Urheberrechte Dritter beachtet. Insbesondere werden Inhalte Dritter als solche gekennzeichnet. Sollten Sie trotzdem auf eine Urheberrechtsverletzung aufmerksam werden, bitten wir um einen entsprechenden Hinweis. Bei Bekanntwerden von Rechtsverletzungen werden wir derartige Inhalte umgehend entfernen.<\/p>\n<\/div><\/section><\/p><\/div>\n","protected":false},"excerpt":{"rendered":"","protected":false},"author":1,"featured_media":0,"parent":0,"menu_order":0,"comment_status":"closed","ping_status":"closed","template":"","meta":{"_monsterinsights_skip_tracking":false,"_monsterinsights_sitenote_active":false,"_monsterinsights_sitenote_note":"","_monsterinsights_sitenote_category":0,"footnotes":""},"class_list":["post-952","page","type-page","status-publish","hentry"],"yoast_head":"<!-- This site is optimized with the Yoast SEO plugin v23.5 - https:\/\/yoast.com\/wordpress\/plugins\/seo\/ -->\n<title>Contact and Imprint | abag<\/title>\n<meta name=\"description\" content=\"Contact ABAG GmbH for expert solutions and support | abag\" \/>\n<meta name=\"robots\" content=\"index, follow, max-snippet:-1, max-image-preview:large, max-video-preview:-1\" \/>\n<link rel=\"canonical\" href=\"https:\/\/abag-gmbh.eu\/en\/contact\/\" \/>\n<meta property=\"og:locale\" content=\"en_US\" \/>\n<meta property=\"og:type\" content=\"article\" \/>\n<meta property=\"og:title\" content=\"Contact and Imprint | abag\" \/>\n<meta property=\"og:description\" content=\"Contact ABAG GmbH for expert solutions and support | abag\" \/>\n<meta property=\"og:url\" content=\"https:\/\/abag-gmbh.eu\/en\/contact\/\" \/>\n<meta property=\"og:site_name\" content=\"abag - Reinigungstechnik und Automatisierung\" \/>\n<meta property=\"article:modified_time\" content=\"2024-02-19T13:57:52+00:00\" \/>\n<meta name=\"twitter:card\" content=\"summary_large_image\" \/>\n<meta name=\"twitter:label1\" content=\"Est. reading time\" \/>\n\t<meta name=\"twitter:data1\" content=\"3 minutes\" \/>\n<script type=\"application\/ld+json\" class=\"yoast-schema-graph\">{\"@context\":\"https:\/\/schema.org\",\"@graph\":[{\"@type\":\"WebPage\",\"@id\":\"https:\/\/abag-gmbh.eu\/en\/contact\/\",\"url\":\"https:\/\/abag-gmbh.eu\/en\/contact\/\",\"name\":\"Contact and Imprint | abag\",\"isPartOf\":{\"@id\":\"https:\/\/abag-gmbh.eu\/#website\"},\"datePublished\":\"2021-12-01T15:12:17+00:00\",\"dateModified\":\"2024-02-19T13:57:52+00:00\",\"description\":\"Contact ABAG GmbH for expert solutions and support | abag\",\"breadcrumb\":{\"@id\":\"https:\/\/abag-gmbh.eu\/en\/contact\/#breadcrumb\"},\"inLanguage\":\"en-US\",\"potentialAction\":[{\"@type\":\"ReadAction\",\"target\":[\"https:\/\/abag-gmbh.eu\/en\/contact\/\"]}]},{\"@type\":\"BreadcrumbList\",\"@id\":\"https:\/\/abag-gmbh.eu\/en\/contact\/#breadcrumb\",\"itemListElement\":[{\"@type\":\"ListItem\",\"position\":1,\"name\":\"Startseite\",\"item\":\"https:\/\/abag-gmbh.eu\/en\/industrial-automation-cleaning-technology\/\"},{\"@type\":\"ListItem\",\"position\":2,\"name\":\"Contact and Imprint\"}]},{\"@type\":\"WebSite\",\"@id\":\"https:\/\/abag-gmbh.eu\/#website\",\"url\":\"https:\/\/abag-gmbh.eu\/\",\"name\":\"abag - Reinigungstechnik und Automatisierung\",\"description\":\"\",\"publisher\":{\"@id\":\"https:\/\/abag-gmbh.eu\/#organization\"},\"potentialAction\":[{\"@type\":\"SearchAction\",\"target\":{\"@type\":\"EntryPoint\",\"urlTemplate\":\"https:\/\/abag-gmbh.eu\/?s={search_term_string}\"},\"query-input\":{\"@type\":\"PropertyValueSpecification\",\"valueRequired\":true,\"valueName\":\"search_term_string\"}}],\"inLanguage\":\"en-US\"},{\"@type\":\"Organization\",\"@id\":\"https:\/\/abag-gmbh.eu\/#organization\",\"name\":\"abag Anlagentechnik GmbH\",\"url\":\"https:\/\/abag-gmbh.eu\/\",\"logo\":{\"@type\":\"ImageObject\",\"inLanguage\":\"en-US\",\"@id\":\"https:\/\/abag-gmbh.eu\/#\/schema\/logo\/image\/\",\"url\":\"https:\/\/abag-gmbh.eu\/wp-content\/uploads\/2021\/11\/abag-sondermaschinenbau-logo.webp\",\"contentUrl\":\"https:\/\/abag-gmbh.eu\/wp-content\/uploads\/2021\/11\/abag-sondermaschinenbau-logo.webp\",\"width\":140,\"height\":140,\"caption\":\"abag Anlagentechnik GmbH\"},\"image\":{\"@id\":\"https:\/\/abag-gmbh.eu\/#\/schema\/logo\/image\/\"},\"sameAs\":[\"https:\/\/linkedin.com\/company\/abag-anlagentechnik-gmbh\"]}]}<\/script>\n<!-- \/ Yoast SEO plugin. -->","yoast_head_json":{"title":"Contact and Imprint | abag","description":"Contact ABAG GmbH for expert solutions and support | abag","robots":{"index":"index","follow":"follow","max-snippet":"max-snippet:-1","max-image-preview":"max-image-preview:large","max-video-preview":"max-video-preview:-1"},"canonical":"https:\/\/abag-gmbh.eu\/en\/contact\/","og_locale":"en_US","og_type":"article","og_title":"Contact and Imprint | abag","og_description":"Contact ABAG GmbH for expert solutions and support | abag","og_url":"https:\/\/abag-gmbh.eu\/en\/contact\/","og_site_name":"abag - Reinigungstechnik und Automatisierung","article_modified_time":"2024-02-19T13:57:52+00:00","twitter_card":"summary_large_image","twitter_misc":{"Est. reading time":"3 minutes"},"schema":{"@context":"https:\/\/schema.org","@graph":[{"@type":"WebPage","@id":"https:\/\/abag-gmbh.eu\/en\/contact\/","url":"https:\/\/abag-gmbh.eu\/en\/contact\/","name":"Contact and Imprint | abag","isPartOf":{"@id":"https:\/\/abag-gmbh.eu\/#website"},"datePublished":"2021-12-01T15:12:17+00:00","dateModified":"2024-02-19T13:57:52+00:00","description":"Contact ABAG GmbH for expert solutions and support | abag","breadcrumb":{"@id":"https:\/\/abag-gmbh.eu\/en\/contact\/#breadcrumb"},"inLanguage":"en-US","potentialAction":[{"@type":"ReadAction","target":["https:\/\/abag-gmbh.eu\/en\/contact\/"]}]},{"@type":"BreadcrumbList","@id":"https:\/\/abag-gmbh.eu\/en\/contact\/#breadcrumb","itemListElement":[{"@type":"ListItem","position":1,"name":"Startseite","item":"https:\/\/abag-gmbh.eu\/en\/industrial-automation-cleaning-technology\/"},{"@type":"ListItem","position":2,"name":"Contact and Imprint"}]},{"@type":"WebSite","@id":"https:\/\/abag-gmbh.eu\/#website","url":"https:\/\/abag-gmbh.eu\/","name":"abag - Reinigungstechnik und Automatisierung","description":"","publisher":{"@id":"https:\/\/abag-gmbh.eu\/#organization"},"potentialAction":[{"@type":"SearchAction","target":{"@type":"EntryPoint","urlTemplate":"https:\/\/abag-gmbh.eu\/?s={search_term_string}"},"query-input":{"@type":"PropertyValueSpecification","valueRequired":true,"valueName":"search_term_string"}}],"inLanguage":"en-US"},{"@type":"Organization","@id":"https:\/\/abag-gmbh.eu\/#organization","name":"abag Anlagentechnik GmbH","url":"https:\/\/abag-gmbh.eu\/","logo":{"@type":"ImageObject","inLanguage":"en-US","@id":"https:\/\/abag-gmbh.eu\/#\/schema\/logo\/image\/","url":"https:\/\/abag-gmbh.eu\/wp-content\/uploads\/2021\/11\/abag-sondermaschinenbau-logo.webp","contentUrl":"https:\/\/abag-gmbh.eu\/wp-content\/uploads\/2021\/11\/abag-sondermaschinenbau-logo.webp","width":140,"height":140,"caption":"abag Anlagentechnik GmbH"},"image":{"@id":"https:\/\/abag-gmbh.eu\/#\/schema\/logo\/image\/"},"sameAs":["https:\/\/linkedin.com\/company\/abag-anlagentechnik-gmbh"]}]}},"_links":{"self":[{"href":"https:\/\/abag-gmbh.eu\/en\/wp-json\/wp\/v2\/pages\/952","targetHints":{"allow":["GET"]}}],"collection":[{"href":"https:\/\/abag-gmbh.eu\/en\/wp-json\/wp\/v2\/pages"}],"about":[{"href":"https:\/\/abag-gmbh.eu\/en\/wp-json\/wp\/v2\/types\/page"}],"author":[{"embeddable":true,"href":"https:\/\/abag-gmbh.eu\/en\/wp-json\/wp\/v2\/users\/1"}],"replies":[{"embeddable":true,"href":"https:\/\/abag-gmbh.eu\/en\/wp-json\/wp\/v2\/comments?post=952"}],"version-history":[{"count":12,"href":"https:\/\/abag-gmbh.eu\/en\/wp-json\/wp\/v2\/pages\/952\/revisions"}],"predecessor-version":[{"id":2330,"href":"https:\/\/abag-gmbh.eu\/en\/wp-json\/wp\/v2\/pages\/952\/revisions\/2330"}],"wp:attachment":[{"href":"https:\/\/abag-gmbh.eu\/en\/wp-json\/wp\/v2\/media?parent=952"}],"curies":[{"name":"wp","href":"https:\/\/api.w.org\/{rel}","templated":true}]}}